{"id":5132,"date":"2025-09-17T12:44:05","date_gmt":"2025-09-17T10:44:05","guid":{"rendered":"https:\/\/spqrinvestments.com\/%d0%bd%d0%b0%d1%87%d0%b0%d1%82%d1%8c\/"},"modified":"2025-10-08T11:39:10","modified_gmt":"2025-10-08T09:39:10","slug":"%d0%bd%d0%b0%d1%87%d0%b0%d1%82%d1%8c","status":"publish","type":"page","link":"https:\/\/spqrinvestments.com\/ru\/%d0%bd%d0%b0%d1%87%d0%b0%d1%82%d1%8c\/","title":{"rendered":"\u043d\u0430\u0447\u0430\u0442\u044c"},"content":{"rendered":"\t\t<div data-elementor-type=\"wp-page\" data-elementor-id=\"5132\" class=\"elementor elementor-5132 elementor-4833\" data-elementor-post-type=\"page\">\n\t\t\t\t<div class=\"elementor-element elementor-element-16d4fb3 e-flex e-con-boxed e-con e-parent\" data-id=\"16d4fb3\" data-element_type=\"container\" data-e-type=\"container\" data-settings=\"{&quot;jet_parallax_layout_list&quot;:[]}\">\n\t\t\t\t\t<div class=\"e-con-inner\">\n\t\t\t\t<div class=\"elementor-element elementor-element-e279262 elementor-widget__width-initial elementor-widget elementor-widget-image\" data-id=\"e279262\" data-element_type=\"widget\" data-e-type=\"widget\" data-widget_type=\"image.default\">\n\t\t\t\t<div class=\"elementor-widget-container\">\n\t\t\t\t\t\t\t\t\t\t\t\t\t\t\t<img fetchpriority=\"high\" decoding=\"async\" width=\"500\" height=\"200\" src=\"https:\/\/spqrinvestments.com\/wp-content\/uploads\/2025\/08\/LOGO-SPQR-500-x-200-px-FULL-For-white-bg.png\" class=\"attachment-large size-large wp-image-3791\" alt=\"SPQR Investments Logo\" srcset=\"https:\/\/spqrinvestments.com\/wp-content\/uploads\/2025\/08\/LOGO-SPQR-500-x-200-px-FULL-For-white-bg.png 500w, https:\/\/spqrinvestments.com\/wp-content\/uploads\/2025\/08\/LOGO-SPQR-500-x-200-px-FULL-For-white-bg-300x120.png 300w\" sizes=\"(max-width: 500px) 100vw, 500px\" \/>\t\t\t\t\t\t\t\t\t\t\t\t\t\t\t<\/div>\n\t\t\t\t<\/div>\n\t\t\t\t<div class=\"elementor-element elementor-element-e0af7fa elementor-widget elementor-widget-jet-form-builder-form\" data-id=\"e0af7fa\" data-element_type=\"widget\" data-e-type=\"widget\" data-widget_type=\"jet-form-builder-form.default\">\n\t\t\t\t<div class=\"elementor-widget-container\">\n\t\t\t\t\t<link rel='stylesheet' id='wp-block-library-css' href='https:\/\/spqrinvestments.com\/wp-includes\/css\/dist\/block-library\/style.min.css?ver=6.9.4' media='all' \/>\n<style id=\"jet-form-builder-4829-inline-css\"><\/style><form  class=\"jet-form-builder layout-column submit-type-ajax\" action=\"https:\/\/spqrinvestments.com\/ru\/wp-json\/wp\/v2\/pages\/5132\/?ov4y4r=ATjlwz65vL&amp;method=reload\" method=\"POST\" data-form-id=\"4829\" data-layout=\"column\" enctype=\"multipart\/form-data\" novalidate=\"null\" ssr_validation_method=\"rest\">\r\n<input type=\"hidden\" name=\"_jfb_current_render_states[]\" value=\"DEFAULT.STATE\" data-jfb-sync \/><input type=\"hidden\" class=\"jet-form-builder__field hidden-field\" name=\"_jet_engine_booking_form_id\" data-field-name=\"_jet_engine_booking_form_id\" value=\"4829\">\n<input type=\"hidden\" class=\"jet-form-builder__field hidden-field\" name=\"_jet_engine_refer\" data-field-name=\"_jet_engine_refer\" value=\"https:\/\/spqrinvestments.com\/ru\/wp-json\/wp\/v2\/pages\/5132\/\">\n<input type=\"hidden\" class=\"jet-form-builder__field hidden-field\" name=\"__queried_post_id\" data-field-name=\"__queried_post_id\" value=\"5132\">\n<div class=\"jet-form-builder-page \" data-page=\"1\" data-page-offset=\"75\">\n<input type=\"hidden\" class=\"jet-form-builder__field hidden-field\" name=\"utm_source\" data-field-name=\"utm_source\" data-jfb-sync=\"null\">\n\n\n\n\n<input type=\"hidden\" class=\"jet-form-builder__field hidden-field\" name=\"utm_campaign\" data-field-name=\"utm_campaign\" data-jfb-sync=\"null\">\n\n\n\n\n<input type=\"hidden\" class=\"jet-form-builder__field hidden-field\" name=\"utm_content\" data-field-name=\"utm_content\" data-jfb-sync=\"null\">\n\n\n\n\n<input type=\"hidden\" class=\"jet-form-builder__field hidden-field\" name=\"utm_medium\" data-field-name=\"utm_medium\" data-jfb-sync=\"null\">\n\n\n\n\n<input type=\"hidden\" class=\"jet-form-builder__field hidden-field\" name=\"origin\" data-field-name=\"origin\" data-jfb-sync=\"null\">\n\n\n\n\n<input type=\"hidden\" class=\"jet-form-builder__field hidden-field\" name=\"idioma\" data-field-name=\"idioma\" data-jfb-sync=\"null\" value=\"Espa\u00f1ol\">\n\n\n\n<div  class=\"jet-form-builder-row field-type-heading-field\" >\n<div class=\"jet-form-builder__heading-desc\">Bienvenid@ a SPQR Investments.<br>Antes de presentarte nuestras oportunidades, nos gustar\u00eda conocer mejor tu perfil y tus objetivos.<\/div>\n<\/div>\n\n\n<p><\/p>\n\n\n<div class=\"jet-form-builder__next-page-wrap\">\n\t\t\t\t\t<button class=\"jet-form-builder__next-page\" type=\"button\">Continuar<\/button>\n\t<\/div>\n<\/div>\n<div class=\"jet-form-builder-page jet-form-builder-page--hidden\" data-page=\"2\" data-page-offset=\"75\">\n\n<div  class=\"jet-form-builder-row field-type-checkbox-field\" >\n<div class=\"jet-form-builder__label\">\r\n<div class=\"jet-form-builder__label-text\">\u00bfActualmente tienes inversiones? <span class=\"jet-form-builder__required\">*<\/span><\/div><\/div><div class=\"jet-form-builder__fields-group checkradio-wrap\" data-jfb-sync><div class=\"jet-form-builder__field-wrap checkboxes-wrap checkradio-wrap\"><label class=\"jet-form-builder__field-label for-checkbox\">\n\t\t\t<input type=\"checkbox\" name=\"actualmente_tienes_inversiones[]\" value=\"Stocks (Acciones de empresas)\" data-field-name=\"actualmente_tienes_inversiones\"  class=\"jet-form-builder__field checkboxes-field checkradio-field\" required=\"required\"><span>Stocks (Acciones de empresas)<\/span><\/label><\/div><div class=\"jet-form-builder__field-wrap checkboxes-wrap checkradio-wrap\"><label class=\"jet-form-builder__field-label for-checkbox\">\n\t\t\t<input type=\"checkbox\" name=\"actualmente_tienes_inversiones[]\" value=\" Inversiones inmobiliarias\" data-field-name=\"actualmente_tienes_inversiones\"  class=\"jet-form-builder__field checkboxes-field checkradio-field\" required=\"required\"><span> Inversiones inmobiliarias<\/span><\/label><\/div><div class=\"jet-form-builder__field-wrap checkboxes-wrap checkradio-wrap\"><label class=\"jet-form-builder__field-label for-checkbox\">\n\t\t\t<input type=\"checkbox\" name=\"actualmente_tienes_inversiones[]\" value=\" Crowfounding inmobiliario\" data-field-name=\"actualmente_tienes_inversiones\"  class=\"jet-form-builder__field checkboxes-field checkradio-field\" required=\"required\"><span> Crowfounding inmobiliario<\/span><\/label><\/div><div class=\"jet-form-builder__field-wrap checkboxes-wrap checkradio-wrap\"><label class=\"jet-form-builder__field-label for-checkbox\">\n\t\t\t<input type=\"checkbox\" name=\"actualmente_tienes_inversiones[]\" value=\" Otras formas de inversi\u00f3n\" data-field-name=\"actualmente_tienes_inversiones\"  class=\"jet-form-builder__field checkboxes-field checkradio-field\" required=\"required\"><span> Otras formas de inversi\u00f3n<\/span><\/label><\/div><div class=\"jet-form-builder__field-wrap checkboxes-wrap checkradio-wrap\"><label class=\"jet-form-builder__field-label for-checkbox\">\n\t\t\t<input type=\"checkbox\" name=\"actualmente_tienes_inversiones[]\" value=\" No tengo otras inversiones\" data-field-name=\"actualmente_tienes_inversiones\"  class=\"jet-form-builder__field checkboxes-field checkradio-field\" required=\"required\"><span> No tengo otras inversiones<\/span><\/label><\/div><\/div>\n<\/div>\n\n<div  class=\"jet-form-builder-row field-type-heading-field\" >\n<div class=\"jet-form-builder__heading-desc\">\ud83d\udca1  Dato interesante: Trabajamos con contratos claros y con plazos definidos, para que sepas exactamente cu\u00e1ndo y cu\u00e1nto vas a cobrar.<\/div>\n<\/div>\n\n<div class=\"jet-form-builder__next-page-wrap\">\n\t\t<button type=\"button\" class=\"jet-form-builder__prev-page\" data-to-page=\"1\">Volver<\/button>\t\t\t<button class=\"jet-form-builder__next-page\" type=\"button\">Continuar<\/button>\n\t<\/div>\n<\/div>\n<div class=\"jet-form-builder-page jet-form-builder-page--hidden\" data-page=\"3\" data-page-offset=\"75\">\n\n<div  class=\"jet-form-builder-row field-type-radio-field wp-block-jet-forms-radio-field jet-fb-switch-page-on-change\">\n<div class=\"jet-form-builder__label\">\r\n<div class=\"jet-form-builder__label-text\">\u00bfCu\u00e1les son tus objetivos financieros? <span class=\"jet-form-builder__required\">*<\/span><\/div><\/div><div class=\"jet-form-builder__fields-group checkradio-wrap\" data-jfb-sync><div class=\"jet-form-builder__field-wrap radio-wrap checkradio-wrap\"><label class=\"jet-form-builder__field-label for-radio\">\n<input type=\"radio\" name=\"cuales_son_tus_objeivos_financieros\" value=\"Generar ingresos pasivos estables\" data-field-name=\"cuales_son_tus_objeivos_financieros\"  class=\"jet-form-builder__field radio-field checkradio-field\" required=\"required\"><span>Generar ingresos pasivos estables<\/span><\/label><\/div><div class=\"jet-form-builder__field-wrap radio-wrap checkradio-wrap\"><label class=\"jet-form-builder__field-label for-radio\">\n<input type=\"radio\" name=\"cuales_son_tus_objeivos_financieros\" value=\" Rentabilizar ahorros a corto plazo\" data-field-name=\"cuales_son_tus_objeivos_financieros\"  class=\"jet-form-builder__field radio-field checkradio-field\" required=\"required\"><span> Rentabilizar ahorros a corto plazo<\/span><\/label><\/div><div class=\"jet-form-builder__field-wrap radio-wrap checkradio-wrap\"><label class=\"jet-form-builder__field-label for-radio\">\n<input type=\"radio\" name=\"cuales_son_tus_objeivos_financieros\" value=\"Diversificar mi portafolio\" data-field-name=\"cuales_son_tus_objeivos_financieros\"  class=\"jet-form-builder__field radio-field checkradio-field\" required=\"required\"><span>Diversificar mi portafolio<\/span><\/label><\/div><div class=\"jet-form-builder__field-wrap radio-wrap checkradio-wrap\"><label class=\"jet-form-builder__field-label for-radio\">\n<input type=\"radio\" name=\"cuales_son_tus_objeivos_financieros\" value=\" Proteger mi capital frente a la inflaci\u00f3n\" data-field-name=\"cuales_son_tus_objeivos_financieros\"  class=\"jet-form-builder__field radio-field checkradio-field\" required=\"required\"><span> Proteger mi capital frente a la inflaci\u00f3n<\/span><\/label><\/div><\/div>\n<\/div>\n\n<div  class=\"jet-form-builder-row field-type-heading-field\" >\n<div class=\"jet-form-builder__heading-desc\">\ud83d\udca1 Todas las inversiones est\u00e1n respaldadas por garant\u00edas hipotecarias y activos reales.<\/div>\n<\/div>\n\n<div class=\"jet-form-builder__next-page-wrap\">\n\t\t<button type=\"button\" class=\"jet-form-builder__prev-page\" data-to-page=\"2\">Volver<\/button>\t\t\t<button class=\"jet-form-builder__next-page\" type=\"button\">Continuar<\/button>\n\t<\/div>\n<\/div>\n<div class=\"jet-form-builder-page jet-form-builder-page--hidden\" data-page=\"4\" data-page-offset=\"75\">\n\n<div  class=\"jet-form-builder-row field-type-radio-field wp-block-jet-forms-radio-field jet-fb-switch-page-on-change\">\n<div class=\"jet-form-builder__label\">\r\n<div class=\"jet-form-builder__label-text\">\u00bfQu\u00e9 tipo de inversi\u00f3n te atrae m\u00e1s? <span class=\"jet-form-builder__required\">*<\/span><\/div><\/div><div class=\"jet-form-builder__fields-group checkradio-wrap\" data-jfb-sync><div class=\"jet-form-builder__field-wrap radio-wrap checkradio-wrap\"><label class=\"jet-form-builder__field-label for-radio\">\n<input type=\"radio\" name=\"que_tipo_de_inversion_te_atrae_mas\" value=\"Rentabilidad fija: 14% anual garantizado\" data-field-name=\"que_tipo_de_inversion_te_atrae_mas\"  class=\"jet-form-builder__field radio-field checkradio-field\" required=\"required\"><span>Rentabilidad fija: 14% anual garantizado<\/span><\/label><\/div><div class=\"jet-form-builder__field-wrap radio-wrap checkradio-wrap\"><label class=\"jet-form-builder__field-label for-radio\">\n<input type=\"radio\" name=\"que_tipo_de_inversion_te_atrae_mas\" value=\" Inversi\u00f3n por operaci\u00f3n (proyectos 8\u201312 meses, rentabilidad seg\u00fan proyecto)\" data-field-name=\"que_tipo_de_inversion_te_atrae_mas\"  class=\"jet-form-builder__field radio-field checkradio-field\" required=\"required\"><span> Inversi\u00f3n por operaci\u00f3n (proyectos 8\u201312 meses, rentabilidad seg\u00fan proyecto)<\/span><\/label><\/div><div class=\"jet-form-builder__field-wrap radio-wrap checkradio-wrap\"><label class=\"jet-form-builder__field-label for-radio\">\n<input type=\"radio\" name=\"que_tipo_de_inversion_te_atrae_mas\" value=\"Ambas opciones\" data-field-name=\"que_tipo_de_inversion_te_atrae_mas\"  class=\"jet-form-builder__field radio-field checkradio-field\" required=\"required\"><span>Ambas opciones<\/span><\/label><\/div><\/div>\n<\/div>\n\n<div  class=\"jet-form-builder-row field-type-heading-field\" >\n<div class=\"jet-form-builder__heading-desc\">\ud83d\udca1  En SPQR invertimos el 30% de nuestro propio capital en cada proyecto.<\/div>\n<\/div>\n\n<div class=\"jet-form-builder__next-page-wrap\">\n\t\t<button type=\"button\" class=\"jet-form-builder__prev-page\" data-to-page=\"3\">Volver<\/button>\t\t\t<button class=\"jet-form-builder__next-page\" type=\"button\">Continuar<\/button>\n\t<\/div>\n<\/div>\n<div class=\"jet-form-builder-page jet-form-builder-page--hidden\" data-page=\"5\" data-page-offset=\"75\">\n\n<div  class=\"jet-form-builder-row field-type-radio-field wp-block-jet-forms-radio-field jet-fb-switch-page-on-change\">\n<div class=\"jet-form-builder__label\">\r\n<div class=\"jet-form-builder__label-text\">\u00bfCu\u00e1l es tu horizonte de inversi\u00f3n ideal? <span class=\"jet-form-builder__required\">*<\/span><\/div><\/div><div class=\"jet-form-builder__fields-group checkradio-wrap\" data-jfb-sync><div class=\"jet-form-builder__field-wrap radio-wrap checkradio-wrap\"><label class=\"jet-form-builder__field-label for-radio\">\n<input type=\"radio\" name=\"cual_es_tu_horizonte_de_inversion_ideal\" value=\"Corto plazo (menos de 12 meses)\" data-field-name=\"cual_es_tu_horizonte_de_inversion_ideal\"  class=\"jet-form-builder__field radio-field checkradio-field\" required=\"required\"><span>Corto plazo (menos de 12 meses)<\/span><\/label><\/div><div class=\"jet-form-builder__field-wrap radio-wrap checkradio-wrap\"><label class=\"jet-form-builder__field-label for-radio\">\n<input type=\"radio\" name=\"cual_es_tu_horizonte_de_inversion_ideal\" value=\"Medio plazo (1\u20133 a\u00f1os)\" data-field-name=\"cual_es_tu_horizonte_de_inversion_ideal\"  class=\"jet-form-builder__field radio-field checkradio-field\" required=\"required\"><span>Medio plazo (1\u20133 a\u00f1os)<\/span><\/label><\/div><div class=\"jet-form-builder__field-wrap radio-wrap checkradio-wrap\"><label class=\"jet-form-builder__field-label for-radio\">\n<input type=\"radio\" name=\"cual_es_tu_horizonte_de_inversion_ideal\" value=\"Largo plazo (m\u00e1s de 3 a\u00f1os)\" data-field-name=\"cual_es_tu_horizonte_de_inversion_ideal\"  class=\"jet-form-builder__field radio-field checkradio-field\" required=\"required\"><span>Largo plazo (m\u00e1s de 3 a\u00f1os)<\/span><\/label><\/div><\/div>\n<\/div>\n\n<div  class=\"jet-form-builder-row field-type-heading-field\" >\n<div class=\"jet-form-builder__heading-desc\">\ud83d\udca1  Gracias a m\u00e1s de 20 a\u00f1os de experiencia tenemos acceso a oportunidades inmobiliarias exclusivas que no llegan al mercado abierto.<\/div>\n<\/div>\n\n<div class=\"jet-form-builder__next-page-wrap\">\n\t\t<button type=\"button\" class=\"jet-form-builder__prev-page\" data-to-page=\"4\">Volver<\/button>\t\t\t<button class=\"jet-form-builder__next-page\" type=\"button\">Continuar<\/button>\n\t<\/div>\n<\/div>\n<div class=\"jet-form-builder-page jet-form-builder-page--hidden\" data-page=\"6\" data-page-offset=\"75\">\n\n<div  class=\"jet-form-builder-row field-type-radio-field wp-block-jet-forms-radio-field jet-fb-switch-page-on-change\">\n<div class=\"jet-form-builder__label\">\r\n<div class=\"jet-form-builder__label-text\">\u00bfDe qu\u00e9 capital l\u00edquido dispones actualmente para diversificar tu cartera? <span class=\"jet-form-builder__required\">*<\/span><\/div><\/div><div class=\"jet-form-builder__fields-group checkradio-wrap\" data-jfb-sync><div class=\"jet-form-builder__field-wrap radio-wrap checkradio-wrap\"><label class=\"jet-form-builder__field-label for-radio\">\n<input type=\"radio\" name=\"que_nivel_de_inversion_inicial_estas_considerando\" value=\"10.000-\" data-field-name=\"que_nivel_de_inversion_inicial_estas_considerando\"  class=\"jet-form-builder__field radio-field checkradio-field\" required=\"required\"><span> Menos de 10.000 \u20ac<\/span><\/label><\/div><div class=\"jet-form-builder__field-wrap radio-wrap checkradio-wrap\"><label class=\"jet-form-builder__field-label for-radio\">\n<input type=\"radio\" name=\"que_nivel_de_inversion_inicial_estas_considerando\" value=\"10.000-20.000\" data-field-name=\"que_nivel_de_inversion_inicial_estas_considerando\"  class=\"jet-form-builder__field radio-field checkradio-field\" required=\"required\"><span>Entre 10.000 \u20ac y 20.000 \u20ac<\/span><\/label><\/div><div class=\"jet-form-builder__field-wrap radio-wrap checkradio-wrap\"><label class=\"jet-form-builder__field-label for-radio\">\n<input type=\"radio\" name=\"que_nivel_de_inversion_inicial_estas_considerando\" value=\"20.000-50.000\" data-field-name=\"que_nivel_de_inversion_inicial_estas_considerando\"  class=\"jet-form-builder__field radio-field checkradio-field\" required=\"required\"><span>Entre 20.000 \u20ac y 50.000 \u20ac<\/span><\/label><\/div><div class=\"jet-form-builder__field-wrap radio-wrap checkradio-wrap\"><label class=\"jet-form-builder__field-label for-radio\">\n<input type=\"radio\" name=\"que_nivel_de_inversion_inicial_estas_considerando\" value=\"50.000-100.000\" data-field-name=\"que_nivel_de_inversion_inicial_estas_considerando\"  class=\"jet-form-builder__field radio-field checkradio-field\" required=\"required\"><span>Entre 50.000 \u20ac y 100.000 \u20ac<\/span><\/label><\/div><div class=\"jet-form-builder__field-wrap radio-wrap checkradio-wrap\"><label class=\"jet-form-builder__field-label for-radio\">\n<input type=\"radio\" name=\"que_nivel_de_inversion_inicial_estas_considerando\" value=\"100.000-250.000\" data-field-name=\"que_nivel_de_inversion_inicial_estas_considerando\"  class=\"jet-form-builder__field radio-field checkradio-field\" required=\"required\"><span>Entre 100.000 \u20ac y 250.000 \u20ac<\/span><\/label><\/div><div class=\"jet-form-builder__field-wrap radio-wrap checkradio-wrap\"><label class=\"jet-form-builder__field-label for-radio\">\n<input type=\"radio\" name=\"que_nivel_de_inversion_inicial_estas_considerando\" value=\"250.000-500.000\" data-field-name=\"que_nivel_de_inversion_inicial_estas_considerando\"  class=\"jet-form-builder__field radio-field checkradio-field\" required=\"required\"><span>Entre 250.000 \u20ac y 500.000 \u20ac<\/span><\/label><\/div><div class=\"jet-form-builder__field-wrap radio-wrap checkradio-wrap\"><label class=\"jet-form-builder__field-label for-radio\">\n<input type=\"radio\" name=\"que_nivel_de_inversion_inicial_estas_considerando\" value=\"500.000-1.000.000\" data-field-name=\"que_nivel_de_inversion_inicial_estas_considerando\"  class=\"jet-form-builder__field radio-field checkradio-field\" required=\"required\"><span> Entre 500.000 \u20ac y 1.000.000 \u20ac<\/span><\/label><\/div><div class=\"jet-form-builder__field-wrap radio-wrap checkradio-wrap\"><label class=\"jet-form-builder__field-label for-radio\">\n<input type=\"radio\" name=\"que_nivel_de_inversion_inicial_estas_considerando\" value=\"1.000.000+\" data-field-name=\"que_nivel_de_inversion_inicial_estas_considerando\"  class=\"jet-form-builder__field radio-field checkradio-field\" required=\"required\"><span> M\u00e1s de 1.000.000 \u20ac<\/span><\/label><\/div><\/div>\n<\/div>\n\n<div  class=\"jet-form-builder-row field-type-heading-field\" >\n<div class=\"jet-form-builder__heading-desc\">\ud83d\udca1  Cada inversi\u00f3n est\u00e1 respaldada por activos inmobiliarios y tasaciones oficiales, asegurando que tu rentabilidad se apoya siempre en activos reales.<\/div>\n<\/div>\n\n<div class=\"jet-form-builder__next-page-wrap\">\n\t\t<button type=\"button\" class=\"jet-form-builder__prev-page\" data-to-page=\"5\">Volver<\/button>\t\t\t<button class=\"jet-form-builder__next-page\" type=\"button\">Continuar<\/button>\n\t<\/div>\n<\/div>\n<div class=\"jet-form-builder-page jet-form-builder-page--hidden\" data-page=\"7\" data-page-offset=\"75\">\n\n<div  class=\"jet-form-builder-row field-type-heading-field\" >\n<div class=\"jet-form-builder__heading\">\r\n<div class=\"jet-form-builder__label-text\">Tus datos de contacto<\/div><\/div>\n<\/div>\n\n<div  class=\"jet-form-builder-row field-type-text-field\" >\n<div class=\"jet-form-builder__label\">\r\n<div class=\"jet-form-builder__label-text\">Nombre completo <span class=\"jet-form-builder__required\">*<\/span><\/div><\/div><div class=\"jet-form-builder__field-wrap\">\n\t\t\t\t<input required=\"required\" name=\"full-name\" id=\"full-name\" type=\"text\" data-field-name=\"full-name\" class=\"jet-form-builder__field text-field\" data-jfb-sync=\"null\" autocomplete=\"on\">\n\t\t\t\t\t<\/div>\n<\/div>\n\n<div  class=\"jet-form-builder-row field-type-text-field\" >\n<div class=\"jet-form-builder__label\">\r\n<div class=\"jet-form-builder__label-text\">Tel\u00e9fono <span class=\"jet-form-builder__required\">*<\/span><\/div><\/div><div class=\"jet-form-builder__field-wrap\">\n\t\t\t\t<input required=\"required\" name=\"telefono\" id=\"telefono\" type=\"tel\" data-field-name=\"telefono\" class=\"jet-form-builder__field text-field\" data-jfb-sync=\"null\" autocomplete=\"on\">\n\t\t\t\t\t<\/div>\n<\/div>\n\n<div  class=\"jet-form-builder-row field-type-text-field\" >\n<div class=\"jet-form-builder__label\">\r\n<div class=\"jet-form-builder__label-text\">Email <span class=\"jet-form-builder__required\">*<\/span><\/div><\/div><div class=\"jet-form-builder__field-wrap\">\n\t\t\t\t<input required=\"required\" name=\"email\" id=\"email\" type=\"email\" data-field-name=\"email\" class=\"jet-form-builder__field text-field\" data-jfb-sync=\"null\" autocomplete=\"on\">\n\t\t\t\t\t<\/div>\n<\/div>\n\n<div  class=\"jet-form-builder-row field-type-text-field\" >\n<div class=\"jet-form-builder__label\">\r\n<div class=\"jet-form-builder__label-text\">Ciudad \/ Pa\u00eds de residencia<\/div><\/div><div class=\"jet-form-builder__field-wrap\">\n\t\t\t\t<input name=\"ciudad_pais_de_residencia\" id=\"ciudad_pais_de_residencia\" type=\"text\" data-field-name=\"ciudad_pais_de_residencia\" class=\"jet-form-builder__field text-field\" data-jfb-sync=\"null\" autocomplete=\"off_WuH6vDep\">\n\t\t\t\t\t<\/div>\n<\/div>\n\n<div  class=\"jet-form-builder-row field-type-checkbox-field\" >\n<div class=\"jet-form-builder__fields-group checkradio-wrap\" data-jfb-sync><div class=\"jet-form-builder__field-wrap checkboxes-wrap checkradio-wrap\"><label class=\"jet-form-builder__field-label for-checkbox\">\n\t\t\t<input type=\"checkbox\" name=\"privacy\" value=\"He le\u00eddo y acepto la Pol\u00edtica de Privacidad.\" data-field-name=\"privacy\"  class=\"jet-form-builder__field checkboxes-field checkradio-field\" required=\"required\"><span>He le\u00eddo y acepto la Pol\u00edtica de Privacidad.*<\/span><\/label><\/div><\/div>\n<\/div>\n\n<div class=\"jet-form-builder__conditional \" data-jfb-conditional=\"[{&quot;operator&quot;:&quot;equal&quot;,&quot;value&quot;:&quot;lead&quot;,&quot;field&quot;:&quot;utm_campaign&quot;,&quot;use_preset&quot;:false}]\" data-jfb-func=\"show\">\n\n<div class=\"wp-block-group is-layout-constrained wp-block-group-is-layout-constrained\"><div  data-value=\"[{&quot;id&quot;:5756,&quot;conditions&quot;:[{&quot;__visible&quot;:true,&quot;value&quot;:&quot;&quot;}],&quot;to_set&quot;:&quot;&quot;}]\" class=\"jet-form-builder-row field-type-checkbox-field\" >\n<div class=\"jet-form-builder__fields-group checkradio-wrap\" data-jfb-sync><div class=\"jet-form-builder__field-wrap checkboxes-wrap checkradio-wrap\"><label class=\"jet-form-builder__field-label for-checkbox\">\n\t\t\t<input type=\"checkbox\" name=\"whatsapp\" value=\"Acepto recibir mensajes de SPQR Investments v\u00eda WhatsApp, SMS o Email\" data-field-name=\"whatsapp\"  class=\"jet-form-builder__field checkboxes-field checkradio-field\"><span>Acepto recibir mensajes de SPQR Investments v\u00eda WhatsApp, SMS o Email<\/span><\/label><\/div><\/div>\n<\/div><\/div>\n\n<\/div>\n\n<input type=\"hidden\" class=\"captcha-token\" name=\"_captcha_token\" value=\"\"\/><div  class=\"jet-form-builder-row field-type-submit-field\" >\n\t<div data-type=\"submit\" class=\"jet-form-builder__action-button-wrapper jet-form-builder__submit-wrap\">\n\t<button class=\"jet-form-builder__action-button jet-form-builder__submit submit-type-ajax\" type=\"submit\">Descubrir oportunidades<\/button>\n\t<\/div>\n\t\n<\/div>\n\n\n<p><\/p>\n<\/div>\t<div class=\"jet-form-builder-messages-wrap\" data-form-id=\"4829\"><\/div>\n<\/form>\n\t\t\t\t<\/div>\n\t\t\t\t<\/div>\n\t\t\t\t\t<\/div>\n\t\t\t\t<\/div>\n\t\t\t\t<\/div>\n\t\t","protected":false},"excerpt":{"rendered":"<p>Bienvenid@ a SPQR Investments.Antes de presentarte nuestras oportunidades, nos gustar\u00eda conocer mejor tu perfil y tus objetivos. Continuar \u00bfActualmente tienes inversiones? * Stocks (Acciones de empresas) Inversiones inmobiliarias Crowfounding inmobiliario Otras formas de inversi\u00f3n No tengo otras inversiones \ud83d\udca1 Dato interesante: Trabajamos con contratos claros y con plazos definidos, para que sepas exactamente cu\u00e1ndo y [&hellip;]<\/p>\n","protected":false},"author":1,"featured_media":0,"parent":0,"menu_order":0,"comment_status":"closed","ping_status":"closed","template":"elementor_canvas","meta":{"footnotes":""},"class_list":["post-5132","page","type-page","status-publish","hentry"],"_links":{"self":[{"href":"https:\/\/spqrinvestments.com\/ru\/wp-json\/wp\/v2\/pages\/5132","targetHints":{"allow":["GET"]}}],"collection":[{"href":"https:\/\/spqrinvestments.com\/ru\/wp-json\/wp\/v2\/pages"}],"about":[{"href":"https:\/\/spqrinvestments.com\/ru\/wp-json\/wp\/v2\/types\/page"}],"author":[{"embeddable":true,"href":"https:\/\/spqrinvestments.com\/ru\/wp-json\/wp\/v2\/users\/1"}],"replies":[{"embeddable":true,"href":"https:\/\/spqrinvestments.com\/ru\/wp-json\/wp\/v2\/comments?post=5132"}],"version-history":[{"count":2,"href":"https:\/\/spqrinvestments.com\/ru\/wp-json\/wp\/v2\/pages\/5132\/revisions"}],"predecessor-version":[{"id":5345,"href":"https:\/\/spqrinvestments.com\/ru\/wp-json\/wp\/v2\/pages\/5132\/revisions\/5345"}],"wp:attachment":[{"href":"https:\/\/spqrinvestments.com\/ru\/wp-json\/wp\/v2\/media?parent=5132"}],"curies":[{"name":"wp","href":"https:\/\/api.w.org\/{rel}","templated":true}]}}